{"id":3891,"date":"2025-01-22T13:43:49","date_gmt":"2025-01-22T13:43:49","guid":{"rendered":"https:\/\/www.snugoo-rentals.com\/actualites\/"},"modified":"2025-07-18T09:26:37","modified_gmt":"2025-07-18T09:26:37","slug":"actualites","status":"publish","type":"page","link":"https:\/\/www.snugoo-rentals.com\/en\/actualites\/","title":{"rendered":"Actualit\u00e9s"},"content":{"rendered":"\n<div class=\"wp-block-columns is-layout-flex wp-container-core-columns-is-layout-9d6595d7 wp-block-columns-is-layout-flex\">\n<div class=\"wp-block-column is-layout-flow wp-block-column-is-layout-flow\">\n<div style=\"height:50px\" aria-hidden=\"true\" class=\"wp-block-spacer\"><\/div>\n\n\n<div class=\"title-block-icon content-block\">\n    <div class=\"title-block-inner\">\n        <img decoding=\"async\" src=\"https:\/\/www.snugoo-rentals.com\/app\/uploads\/2025\/01\/loop.svg\" alt=\"\">                <div class=\"title\"><h3>Soyez patients, cette page est en cours de cr\u00e9ation <span style=\"color: #808158;\">.<br \/>\nMerci pour votre compr\u00e9hesion!<\/span><\/h3>\n<\/div>    <\/div>\n<\/div><\/div>\n<\/div>\n\n\n<div class=\"parallaxe-title\">\n    <div class=\"parallaxe-title-inner\">\n        <p class=\"title\">Actualit\u00e9s<\/p>    <\/div>\n<\/div>\n\n<div class=\"icon-text-horizontal limit-width block-gap\" data-aos=\"fade-left\" data-aos-duration=\"1500\">\n    <div class=\"title-section center\">\n        <p class=\"uptitle\">D\u00e9couvrez en d\u00e9tails<\/p>        <h2 class=\"title\">Les offres Snugoo<\/h2>    <\/div>\n    <div class=\"icon-text-list\">\n                                <a href=\"https:\/\/www.snugoo-rentals.com\/apartement-loyer-tout-inclus\/\" class=\"icon-list link\">\n                            <div class=\"img-container\"><img decoding=\"async\" src=\"https:\/\/www.snugoo-rentals.com\/app\/uploads\/2025\/04\/financier.svg\" class=\"logo\" alt=\"\" title=\"\" loading=\"lazy\"\/><\/div>\n                <div class=\"text-container\">\n                <p class=\"title\">Loyers d\u00e9gressifs<br \/>\r\ntoutes charges incluses <\/p>                                <\/div>\n                        <\/a>\n                                            <a href=\"https:\/\/www.snugoo-rentals.com\/proprietaire\/gestion-appartements-meubles-lyon\/\" class=\"icon-list link\">\n                            <div class=\"img-container\"><img decoding=\"async\" src=\"https:\/\/www.snugoo-rentals.com\/app\/uploads\/2025\/03\/justice-sociale.svg\" class=\"logo\" alt=\"\" title=\"\" loading=\"lazy\"\/><\/div>\n                <div class=\"text-container\">\n                <p class=\"title\">Gestion et <br \/>\r\nsuivi personnalis\u00e9s<\/p>                                <\/div>\n                        <\/a>\n                                            <a href=\"https:\/\/www.snugoo-rentals.com\/appartement-meuble-equipe\/\" class=\"icon-list link\">\n                            <div class=\"img-container\"><img decoding=\"async\" src=\"https:\/\/www.snugoo-rentals.com\/app\/uploads\/2025\/01\/skyline.svg\" class=\"logo\" alt=\"\" title=\"\" loading=\"lazy\"\/><\/div>\n                <div class=\"text-container\">\n                <p class=\"title\">Appartements meubl\u00e9s<br \/>\r\n&quot;pr\u00eats-\u00e0-vivre&quot;<\/p>                                <\/div>\n                        <\/a>\n                                            <a href=\"https:\/\/www.snugoo-rentals.com\/duree-location-flexible\/\" class=\"icon-list link\">\n                            <div class=\"img-container\"><img decoding=\"async\" src=\"https:\/\/www.snugoo-rentals.com\/app\/uploads\/2025\/04\/personnalisation.svg\" class=\"logo\" alt=\"\" title=\"\" loading=\"lazy\"\/><\/div>\n                <div class=\"text-container\">\n                <p class=\"title\">Dur\u00e9e de location <br \/>\r\nsur mesure<\/p>                                <\/div>\n                        <\/a>\n                                            <a href=\"https:\/\/www.snugoo-rentals.com\/decouvrir-lyon-agglomeration\/\" class=\"icon-list link\">\n                            <div class=\"img-container\"><img decoding=\"async\" src=\"https:\/\/www.snugoo-rentals.com\/app\/uploads\/2025\/04\/batiment.svg\" class=\"logo\" alt=\"\" title=\"\" loading=\"lazy\"\/><\/div>\n                <div class=\"text-container\">\n                <p class=\"title\">Logements \u00e0 <br \/>\r\nLyon et  sa M\u00e9trop\u00f4le <\/p>                                <\/div>\n                        <\/a>\n                        <\/div>\n<\/div>\n\n<div class=\"small-contact-block limit-width\">\n    <div class=\"content\">\n        <div class=\"left\">\n            <div class=\"inside-column\">\n                <span class=\"uppertitle\">B\u00e9n\u00e9ficiez des conseils de notre expert<\/span>\n                <p class=\"h2-title\">Gagnez du temps <\/p>\n                \n<div class=\"wpcf7 no-js\" id=\"wpcf7-f5899-o1\" lang=\"en-US\" dir=\"ltr\" data-wpcf7-id=\"5899\">\n<div class=\"screen-reader-response\"><p role=\"status\" aria-live=\"polite\" aria-atomic=\"true\"><\/p> <ul><\/ul><\/div>\n<form action=\"\/en\/wp-json\/wp\/v2\/pages\/3891#wpcf7-f5899-o1\" method=\"post\" class=\"wpcf7-form init\" aria-label=\"Contact form\" novalidate=\"novalidate\" data-status=\"init\">\n<fieldset class=\"hidden-fields-container\"><input type=\"hidden\" name=\"_wpcf7\" value=\"5899\" \/><input type=\"hidden\" name=\"_wpcf7_version\" value=\"6.1.5\" \/><input type=\"hidden\" name=\"_wpcf7_locale\" value=\"en_US\" \/><input type=\"hidden\" name=\"_wpcf7_unit_tag\" value=\"wpcf7-f5899-o1\" \/><input type=\"hidden\" name=\"_wpcf7_container_post\" value=\"0\" \/><input type=\"hidden\" name=\"_wpcf7_posted_data_hash\" value=\"\" \/><input type=\"hidden\" name=\"_wpcf7_recaptcha_response\" value=\"\" \/>\n<\/fieldset>\n<div class=\"form-container\">\n\t<div class=\"form-input-row\">\n\t\t<div class=\"container\">\n\t\t\t<p><span class=\"wpcf7-form-control-wrap\" data-name=\"your-lastname\"><input size=\"40\" maxlength=\"400\" class=\"wpcf7-form-control wpcf7-text wpcf7-validates-as-required\" aria-required=\"true\" aria-invalid=\"false\" placeholder=\"Last Name*\" value=\"\" type=\"text\" name=\"your-lastname\" \/><\/span>\n\t\t\t<\/p>\n\t\t<\/div>\n\t\t<div class=\"container\">\n\t\t\t<p><span class=\"wpcf7-form-control-wrap\" data-name=\"your-firstname\"><input size=\"40\" maxlength=\"400\" class=\"wpcf7-form-control wpcf7-text wpcf7-validates-as-required\" aria-required=\"true\" aria-invalid=\"false\" placeholder=\"First Name *\" value=\"\" type=\"text\" name=\"your-firstname\" \/><\/span>\n\t\t\t<\/p>\n\t\t<\/div>\n\t<\/div>\n\t<div class=\"form-input-row\">\n\t\t<div class=\"container\">\n\t\t\t<p><span class=\"wpcf7-form-control-wrap\" data-name=\"your-phone\"><input size=\"40\" maxlength=\"400\" class=\"wpcf7-form-control wpcf7-tel wpcf7-validates-as-required wpcf7-text wpcf7-validates-as-tel\" aria-required=\"true\" aria-invalid=\"false\" placeholder=\"Phone *\" value=\"\" type=\"tel\" name=\"your-phone\" \/><\/span>\n\t\t\t<\/p>\n\t\t<\/div>\n\t\t<div class=\"container\">\n\t\t\t<p><span class=\"wpcf7-form-control-wrap\" data-name=\"your-email\"><input size=\"40\" maxlength=\"400\" class=\"wpcf7-form-control wpcf7-email wpcf7-validates-as-required wpcf7-text wpcf7-validates-as-email\" aria-required=\"true\" aria-invalid=\"false\" placeholder=\"Email *\" value=\"\" type=\"email\" name=\"your-email\" \/><\/span>\n\t\t\t<\/p>\n\t\t<\/div>\n\t<\/div>\n\t<div class=\"form-input\">\n\t\t<p><span class=\"wpcf7-form-control-wrap\" data-name=\"your-message\"><textarea cols=\"40\" rows=\"10\" maxlength=\"2000\" class=\"wpcf7-form-control wpcf7-textarea\" aria-invalid=\"false\" placeholder=\"Message\" name=\"your-message\"><\/textarea><\/span>\n\t\t<\/p>\n\t<\/div>\n\t<div class=\"acceptance\">\n\t\t<p><span class=\"wpcf7-form-control-wrap\" data-name=\"your-acceptance\"><span class=\"wpcf7-form-control wpcf7-acceptance\"><span class=\"wpcf7-list-item\"><label><input type=\"checkbox\" name=\"your-acceptance\" value=\"1\" aria-invalid=\"false\" \/><span class=\"wpcf7-list-item-label\">I agree to be contacted by Snugoo only for matters concerning my request and to learn about their offer.<\/span><\/label><\/span><\/span><\/span>\n\t\t<\/p>\n\t<\/div>\n\t<div class=\"button-container\">\n\t\t<p><input class=\"wpcf7-form-control wpcf7-submit has-spinner\" type=\"submit\" value=\"Send\" \/>\n\t\t<\/p>\n\t<\/div>\n<\/div><input type=\"hidden\" name=\"previous_url\" value=\"\"><div class=\"wpcf7-response-output\" aria-hidden=\"true\"><\/div>\n<\/form>\n<\/div>\n\n            <\/div>\n        <\/div>\n        <div class=\"right\">\n            <div class=\"inside-column\">\n                                <img decoding=\"async\" src=\"https:\/\/www.snugoo-rentals.com\/app\/uploads\/2025\/03\/x31_6._plan_x2C__pencil_x2C__real_x2C__estate_x2C__house_x2C__realtor-1.svg\" alt=\"\" title=\"_x31_6._plan_x2C__pencil_x2C__real_x2C__estate_x2C__house_x2C__realtor\" loading=\"lazy\"\/>\n                <p class=\"h2-title\">D\u00e9couvrez nos biens propos\u00e9s \u00e0 la location<\/p>\n                <a href=\"#\" target=\"\" class=\"full-border-button white\">Voir tous les biens<\/a>\n            <\/div>\n        <\/div>\n    <\/div>\n<\/div>\n\n\n<div style=\"height:100px\" aria-hidden=\"true\" class=\"wp-block-spacer\"><\/div>\n\n\n\n<div class=\"wp-block-columns is-layout-flex wp-container-core-columns-is-layout-9d6595d7 wp-block-columns-is-layout-flex\">\n<div class=\"wp-block-column is-layout-flow wp-block-column-is-layout-flow\">\n<hr class=\"wp-block-separator has-alpha-channel-opacity\"\/>\n\n\n\n<h2 class=\"wp-block-heading\">Location de logement au mois \u00e0 Lyon et Villeurbane<\/h2>\n\n\n\n<p>Que vous soyez particulier, professionnel en mission, nomade num\u00e9rique, expatri\u00e9 ou touriste en ann\u00e9e sabbatique, nos h\u00e9bergements meubl\u00e9s propos\u00e9s \u00e0 la <strong>location moyenne dur\u00e9e \u00e0 Lyon<\/strong> garantissent confort et praticit\u00e9.<\/p>\n\n\n\n<p>Chaque logement est enti\u00e8rement meubl\u00e9 avec go\u00fbt et \u00e9quip\u00e9 pour offrir un cadre chaleureux, id\u00e9al pour se sentir chez soi. Notre activit\u00e9 de gestion de location au mois inclut des <strong>contrats flexibles, <\/strong>pour s\u2019adapter \u00e0 vos besoins. Pour quelques semaines ou quelques mois, Snugoo propose la solution parfaite pour vous<\/p>\n<\/div>\n\n\n\n<div class=\"wp-block-column is-layout-flow wp-block-column-is-layout-flow\">\n<hr class=\"wp-block-separator has-alpha-channel-opacity\"\/>\n\n\n\n<h2 class=\"wp-block-heading\">Snugoo est le sp\u00e9cialiste dans la location meubl\u00e9e<\/h2>\n\n\n\n<p>Un service sur mesure pour chaque client en toute simplicit\u00e9 : assistance administrative, suivi rigoureux et facturation ultra simplifi\u00e9e. Vous avez besoin de <strong>gagner du temps<\/strong> et nous saurons vous satisfaire!<br><\/p>\n\n\n\n<p>Nous nous engageons \u00e0 vous accompagner dans votre recherche de logement pour <strong>s\u00e9jour professionnel \u00e0 Lyo<\/strong>n, en veillant \u00e0 ce que le s\u00e9jour soit le plus agr\u00e9able possible. Nous tenons \u00e0 conserver la proximit\u00e9 de nos clients, en ayant un suivi rigoureux et sur mesure pour vous offrir une belle et insouciante collaboration.<br><br><\/p>\n<\/div>\n<\/div>\n","protected":false},"excerpt":{"rendered":"<p>Location de logement au mois \u00e0 Lyon et Villeurbane Que vous soyez particulier, professionnel en mission, nomade num\u00e9rique, expatri\u00e9 ou touriste en ann\u00e9e sabbatique, nos h\u00e9bergements meubl\u00e9s propos\u00e9s \u00e0 la location moyenne dur\u00e9e \u00e0 Lyon garantissent confort et praticit\u00e9. Chaque logement est enti\u00e8rement meubl\u00e9 avec go\u00fbt et \u00e9quip\u00e9 pour offrir un cadre chaleureux, id\u00e9al pour [&hellip;]<\/p>\n","protected":false},"author":1,"featured_media":0,"parent":0,"menu_order":0,"comment_status":"closed","ping_status":"closed","template":"","meta":{"_acf_changed":false,"footnotes":""},"class_list":["post-3891","page","type-page","status-publish","hentry"],"acf":[],"yoast_head":"<!-- This site is optimized with the Yoast SEO plugin v27.3 - https:\/\/yoast.com\/product\/yoast-seo-wordpress\/ -->\n<title>Actualit\u00e9s - Snugoo Rentals<\/title>\n<meta name=\"robots\" content=\"index, follow, max-snippet:-1, max-image-preview:large, max-video-preview:-1\" \/>\n<link rel=\"canonical\" href=\"https:\/\/www.snugoo-rentals.com\/en\/actualites\/\" \/>\n<meta property=\"og:locale\" content=\"en_US\" \/>\n<meta property=\"og:type\" content=\"article\" \/>\n<meta property=\"og:title\" content=\"Actualit\u00e9s - Snugoo Rentals\" \/>\n<meta property=\"og:description\" content=\"Location de logement au mois \u00e0 Lyon et Villeurbane Que vous soyez particulier, professionnel en mission, nomade num\u00e9rique, expatri\u00e9 ou touriste en ann\u00e9e sabbatique, nos h\u00e9bergements meubl\u00e9s propos\u00e9s \u00e0 la location moyenne dur\u00e9e \u00e0 Lyon garantissent confort et praticit\u00e9. Chaque logement est enti\u00e8rement meubl\u00e9 avec go\u00fbt et \u00e9quip\u00e9 pour offrir un cadre chaleureux, id\u00e9al pour [&hellip;]\" \/>\n<meta property=\"og:url\" content=\"https:\/\/www.snugoo-rentals.com\/en\/actualites\/\" \/>\n<meta property=\"og:site_name\" content=\"Snugoo Rentals\" \/>\n<meta property=\"article:modified_time\" content=\"2025-07-18T09:26:37+00:00\" \/>\n<meta name=\"twitter:card\" content=\"summary_large_image\" \/>\n<meta name=\"twitter:label1\" content=\"Est. reading time\" \/>\n\t<meta name=\"twitter:data1\" content=\"1 minute\" \/>\n<script type=\"application\/ld+json\" class=\"yoast-schema-graph\">{\"@context\":\"https:\\\/\\\/schema.org\",\"@graph\":[{\"@type\":\"WebPage\",\"@id\":\"https:\\\/\\\/www.snugoo-rentals.com\\\/en\\\/actualites\\\/\",\"url\":\"https:\\\/\\\/www.snugoo-rentals.com\\\/en\\\/actualites\\\/\",\"name\":\"Actualit\u00e9s - Snugoo Rentals\",\"isPartOf\":{\"@id\":\"https:\\\/\\\/www.snugoo-rentals.com\\\/en\\\/#website\"},\"datePublished\":\"2025-01-22T13:43:49+00:00\",\"dateModified\":\"2025-07-18T09:26:37+00:00\",\"breadcrumb\":{\"@id\":\"https:\\\/\\\/www.snugoo-rentals.com\\\/en\\\/actualites\\\/#breadcrumb\"},\"inLanguage\":\"en-US\",\"potentialAction\":[{\"@type\":\"ReadAction\",\"target\":[\"https:\\\/\\\/www.snugoo-rentals.com\\\/en\\\/actualites\\\/\"]}]},{\"@type\":\"BreadcrumbList\",\"@id\":\"https:\\\/\\\/www.snugoo-rentals.com\\\/en\\\/actualites\\\/#breadcrumb\",\"itemListElement\":[{\"@type\":\"ListItem\",\"position\":1,\"name\":\"Snugoo\",\"item\":\"https:\\\/\\\/www.snugoo-rentals.com\\\/en\\\/\"},{\"@type\":\"ListItem\",\"position\":2,\"name\":\"Actualit\u00e9s\"}]},{\"@type\":\"WebSite\",\"@id\":\"https:\\\/\\\/www.snugoo-rentals.com\\\/en\\\/#website\",\"url\":\"https:\\\/\\\/www.snugoo-rentals.com\\\/en\\\/\",\"name\":\"Snugoo Rentals\",\"description\":\"\",\"publisher\":{\"@id\":\"https:\\\/\\\/www.snugoo-rentals.com\\\/en\\\/#organization\"},\"potentialAction\":[{\"@type\":\"SearchAction\",\"target\":{\"@type\":\"EntryPoint\",\"urlTemplate\":\"https:\\\/\\\/www.snugoo-rentals.com\\\/en\\\/?s={search_term_string}\"},\"query-input\":{\"@type\":\"PropertyValueSpecification\",\"valueRequired\":true,\"valueName\":\"search_term_string\"}}],\"inLanguage\":\"en-US\"},{\"@type\":\"Organization\",\"@id\":\"https:\\\/\\\/www.snugoo-rentals.com\\\/en\\\/#organization\",\"name\":\"Snugoo Rentals\",\"url\":\"https:\\\/\\\/www.snugoo-rentals.com\\\/en\\\/\",\"logo\":{\"@type\":\"ImageObject\",\"inLanguage\":\"en-US\",\"@id\":\"https:\\\/\\\/www.snugoo-rentals.com\\\/en\\\/#\\\/schema\\\/logo\\\/image\\\/\",\"url\":\"https:\\\/\\\/www.snugoo-rentals.com\\\/app\\\/uploads\\\/2025\\\/01\\\/Logo-Snugoo.png\",\"contentUrl\":\"https:\\\/\\\/www.snugoo-rentals.com\\\/app\\\/uploads\\\/2025\\\/01\\\/Logo-Snugoo.png\",\"width\":1181,\"height\":339,\"caption\":\"Snugoo Rentals\"},\"image\":{\"@id\":\"https:\\\/\\\/www.snugoo-rentals.com\\\/en\\\/#\\\/schema\\\/logo\\\/image\\\/\"}}]}<\/script>\n<!-- \/ Yoast SEO plugin. -->","yoast_head_json":{"title":"Actualit\u00e9s - Snugoo Rentals","robots":{"index":"index","follow":"follow","max-snippet":"max-snippet:-1","max-image-preview":"max-image-preview:large","max-video-preview":"max-video-preview:-1"},"canonical":"https:\/\/www.snugoo-rentals.com\/en\/actualites\/","og_locale":"en_US","og_type":"article","og_title":"Actualit\u00e9s - Snugoo Rentals","og_description":"Location de logement au mois \u00e0 Lyon et Villeurbane Que vous soyez particulier, professionnel en mission, nomade num\u00e9rique, expatri\u00e9 ou touriste en ann\u00e9e sabbatique, nos h\u00e9bergements meubl\u00e9s propos\u00e9s \u00e0 la location moyenne dur\u00e9e \u00e0 Lyon garantissent confort et praticit\u00e9. Chaque logement est enti\u00e8rement meubl\u00e9 avec go\u00fbt et \u00e9quip\u00e9 pour offrir un cadre chaleureux, id\u00e9al pour [&hellip;]","og_url":"https:\/\/www.snugoo-rentals.com\/en\/actualites\/","og_site_name":"Snugoo Rentals","article_modified_time":"2025-07-18T09:26:37+00:00","twitter_card":"summary_large_image","twitter_misc":{"Est. reading time":"1 minute"},"schema":{"@context":"https:\/\/schema.org","@graph":[{"@type":"WebPage","@id":"https:\/\/www.snugoo-rentals.com\/en\/actualites\/","url":"https:\/\/www.snugoo-rentals.com\/en\/actualites\/","name":"Actualit\u00e9s - Snugoo Rentals","isPartOf":{"@id":"https:\/\/www.snugoo-rentals.com\/en\/#website"},"datePublished":"2025-01-22T13:43:49+00:00","dateModified":"2025-07-18T09:26:37+00:00","breadcrumb":{"@id":"https:\/\/www.snugoo-rentals.com\/en\/actualites\/#breadcrumb"},"inLanguage":"en-US","potentialAction":[{"@type":"ReadAction","target":["https:\/\/www.snugoo-rentals.com\/en\/actualites\/"]}]},{"@type":"BreadcrumbList","@id":"https:\/\/www.snugoo-rentals.com\/en\/actualites\/#breadcrumb","itemListElement":[{"@type":"ListItem","position":1,"name":"Snugoo","item":"https:\/\/www.snugoo-rentals.com\/en\/"},{"@type":"ListItem","position":2,"name":"Actualit\u00e9s"}]},{"@type":"WebSite","@id":"https:\/\/www.snugoo-rentals.com\/en\/#website","url":"https:\/\/www.snugoo-rentals.com\/en\/","name":"Snugoo Rentals","description":"","publisher":{"@id":"https:\/\/www.snugoo-rentals.com\/en\/#organization"},"potentialAction":[{"@type":"SearchAction","target":{"@type":"EntryPoint","urlTemplate":"https:\/\/www.snugoo-rentals.com\/en\/?s={search_term_string}"},"query-input":{"@type":"PropertyValueSpecification","valueRequired":true,"valueName":"search_term_string"}}],"inLanguage":"en-US"},{"@type":"Organization","@id":"https:\/\/www.snugoo-rentals.com\/en\/#organization","name":"Snugoo Rentals","url":"https:\/\/www.snugoo-rentals.com\/en\/","logo":{"@type":"ImageObject","inLanguage":"en-US","@id":"https:\/\/www.snugoo-rentals.com\/en\/#\/schema\/logo\/image\/","url":"https:\/\/www.snugoo-rentals.com\/app\/uploads\/2025\/01\/Logo-Snugoo.png","contentUrl":"https:\/\/www.snugoo-rentals.com\/app\/uploads\/2025\/01\/Logo-Snugoo.png","width":1181,"height":339,"caption":"Snugoo Rentals"},"image":{"@id":"https:\/\/www.snugoo-rentals.com\/en\/#\/schema\/logo\/image\/"}}]}},"_links":{"self":[{"href":"https:\/\/www.snugoo-rentals.com\/en\/wp-json\/wp\/v2\/pages\/3891","targetHints":{"allow":["GET"]}}],"collection":[{"href":"https:\/\/www.snugoo-rentals.com\/en\/wp-json\/wp\/v2\/pages"}],"about":[{"href":"https:\/\/www.snugoo-rentals.com\/en\/wp-json\/wp\/v2\/types\/page"}],"author":[{"embeddable":true,"href":"https:\/\/www.snugoo-rentals.com\/en\/wp-json\/wp\/v2\/users\/1"}],"replies":[{"embeddable":true,"href":"https:\/\/www.snugoo-rentals.com\/en\/wp-json\/wp\/v2\/comments?post=3891"}],"version-history":[{"count":1,"href":"https:\/\/www.snugoo-rentals.com\/en\/wp-json\/wp\/v2\/pages\/3891\/revisions"}],"predecessor-version":[{"id":5320,"href":"https:\/\/www.snugoo-rentals.com\/en\/wp-json\/wp\/v2\/pages\/3891\/revisions\/5320"}],"wp:attachment":[{"href":"https:\/\/www.snugoo-rentals.com\/en\/wp-json\/wp\/v2\/media?parent=3891"}],"curies":[{"name":"wp","href":"https:\/\/api.w.org\/{rel}","templated":true}]}}